{"id":6648,"date":"2022-11-01T10:19:47","date_gmt":"2022-11-01T08:19:47","guid":{"rendered":"http:\/\/uniglass.eu\/services-we-provide\/"},"modified":"2023-01-05T15:59:39","modified_gmt":"2023-01-05T13:59:39","slug":"services-we-provide","status":"publish","type":"page","link":"https:\/\/uniglass.eu\/ro\/services-we-provide\/","title":{"rendered":"Serviciile noastre"},"content":{"rendered":"<section class=\"wpb-content-wrapper\"><p>[vc_row full_width=&#8221;stretch_row_content_no_spaces&#8221; full_height=&#8221;yes&#8221; el_class=&#8221;about-header&#8221; css=&#8221;.vc_custom_1666097632655{background-image: url(http:\/\/uniglass.eu\/wp-content\/uploads\/2022\/10\/services.jpg?id=6511) !important;}&#8221;][vc_column][vc_column_text]<\/p>\n<h1 style=\"text-align: center;\">SERVICII<\/h1>\n<h4 style=\"text-align: center;\">noi oferim<\/h4>\n<p>[\/vc_column_text][vc_column_text el_class=&#8221;scroll-text&#8221;]<\/p>\n<p style=\"text-align: center;\">Mai mult<\/p>\n<p>[\/vc_column_text][\/vc_column][\/vc_row][vc_row full_width=&#8221;stretch_row_content_no_spaces&#8221; full_height=&#8221;yes&#8221; content_placement=&#8221;middle&#8221; el_class=&#8221;about-row1&#8243; css=&#8221;.vc_custom_1646906777403{padding-top: 80px !important;padding-bottom: 50px !important;}&#8221;][vc_column width=&#8221;1\/2&#8243;][vc_row_inner css=&#8221;.vc_custom_1646392610779{background-color: #e9e9e9 !important;}&#8221;][vc_column_inner css=&#8221;.vc_custom_1646394165659{margin-left: 30px !important;padding-top: 100px !important;padding-right: 100px !important;padding-bottom: 100px !important;padding-left: 70px !important;background-color: #e9e9e9 !important;}&#8221;][vc_column_text]<\/p>\n<h1>SERIGRAFIE<\/h1>\n<p>[\/vc_column_text][vc_empty_space height=&#8221;50px&#8221;][vc_column_text]Este cea mai cunoscut\u0103 tehnic\u0103 de decorare \u0219i este folosit\u0103 \u00een principal pentru industria b\u0103uturilor \u0219i alimenta\u021biei, \u00eengrijirea personal\u0103, precum \u0219i pentru colec\u021biile de vesel\u0103 de uz casnic. Compania noastr\u0103 de\u021bine 2 linii automate de serigrafie care imprim\u0103 patru p\u00e2n\u0103 la \u0219ase culori. Sunt disponibile mai multe tipuri de cerneluri, inclusiv metale pre\u021bioase.<\/p>\n<p><strong>Laser<\/strong><\/p>\n<p>Este folosit pentru a marca liniile de umplere \u0219i pentru gravur\u0103.<\/p>\n<p><strong>Combina\u021bii<\/strong><\/p>\n<p>Este posibil s\u0103 combina\u021bi tehnicile men\u021bionate mai sus \u0219i s\u0103 crea\u021bi articole unice.[\/vc_column_text][\/vc_column_inner][\/vc_row_inner][\/vc_column][vc_column width=&#8221;1\/2&#8243; el_class=&#8221;about-image&#8221;][vc_single_image image=&#8221;6482&#8243; img_size=&#8221;full&#8221;][\/vc_column][\/vc_row][vc_row full_width=&#8221;stretch_row_content_no_spaces&#8221; full_height=&#8221;yes&#8221; content_placement=&#8221;middle&#8221; el_class=&#8221;about-row1about-row1 about_row2&#8243; css=&#8221;.vc_custom_1672927191019{padding-top: 50px !important;padding-bottom: 100px !important;}&#8221;][vc_column width=&#8221;1\/2&#8243; el_class=&#8221;about-image&#8221;][vc_single_image image=&#8221;6486&#8243; img_size=&#8221;full&#8221; el_class=&#8221;about-image-right&#8221;][\/vc_column][vc_column width=&#8221;1\/2&#8243;][vc_row_inner css=&#8221;.vc_custom_1646392610779{background-color: #e9e9e9 !important;}&#8221;][vc_column_inner css=&#8221;.vc_custom_1646395797816{margin-left: -30px !important;padding-top: 100px !important;padding-right: 100px !important;padding-bottom: 100px !important;padding-left: 130px !important;background-color: #e9e9e9 !important;}&#8221;][vc_column_text]<\/p>\n<h1>PULVERIZARE<\/h1>\n<p>[\/vc_column_text][vc_empty_space height=&#8221;50px&#8221;][vc_column_text]Folosind tehnica de pulverizare, orice articol poate fi colorat cu o culoare aleas\u0103 \u0219i transformat cu u\u0219urin\u021b\u0103 \u00eentr-un produs de top. Avem o gam\u0103 larg\u0103 de culori 100% organice care satisfac chiar \u0219i cel mai exigent client.<\/p>\n<p>Aceast\u0103 tehnic\u0103 ofer\u0103 o varietate de op\u021biuni. Este posibil s\u0103 se coloreze un articol la baz\u0103, pe exterior \u0219i\/sau interior, pe cup\u0103, picior \u0219i\/sau baza piciorului. Tipurile de cerneal\u0103 folosite pot fi transparente, opace, lucioase, mate, pastelate, neon \u0219i metalice.<\/p>\n<p>Toate produsele colorate pot fi introduse in ma\u1e63ina de sp\u0103lat vase.[\/vc_column_text][\/vc_column_inner][\/vc_row_inner][\/vc_column][\/vc_row][vc_row full_width=&#8221;stretch_row_content_no_spaces&#8221; full_height=&#8221;yes&#8221; content_placement=&#8221;middle&#8221; disable_element=&#8221;yes&#8221; el_class=&#8221;about-row1&#8243; css=&#8221;.vc_custom_1665752324170{padding-top: 80px !important;padding-bottom: 50px !important;}&#8221;][vc_column width=&#8221;1\/2&#8243;][vc_row_inner css=&#8221;.vc_custom_1646392610779{background-color: #e9e9e9 !important;}&#8221;][vc_column_inner css=&#8221;.vc_custom_1646394165659{margin-left: 30px !important;padding-top: 100px !important;padding-right: 100px !important;padding-bottom: 100px !important;padding-left: 70px !important;background-color: #e9e9e9 !important;}&#8221;][vc_column_text]<\/p>\n<h1>OPERATIONS<\/h1>\n<p>[\/vc_column_text][vc_column_text]<\/p>\n<h4>How it all started&#8230;<\/h4>\n<p>[\/vc_column_text][vc_empty_space height=&#8221;50px&#8221;][vc_column_text]All Uniglass facilities have undergone extensive modernization investments, targeting an efficient and modern logistics workflow. Warehouses capacity is maintained and monitored to provide efficient loading and order fulfilment process.<\/p>\n<p>The units can provide the products in various packaging schemes, such as: Master Carton, Shrink Wrapped carton tray, Sleeve, Box, Gift Box and other.<\/p>\n<p>In addition to flexible packaging, Uniglass can decorate the products upon customer request on any custom design preferrable.[\/vc_column_text][\/vc_column_inner][\/vc_row_inner][\/vc_column][vc_column width=&#8221;1\/2&#8243; el_class=&#8221;about-image&#8221;][vc_single_image image=&#8221;6476&#8243; img_size=&#8221;full&#8221; alignment=&#8221;right&#8221; el_class=&#8221;about-image-right&#8221;][\/vc_column][\/vc_row][vc_row full_width=&#8221;stretch_row_content_no_spaces&#8221; disable_element=&#8221;yes&#8221; el_class=&#8221;about-video-row&#8221; css=&#8221;.vc_custom_1665751332064{margin-bottom: 50px !important;}&#8221;][vc_column][vc_single_image image=&#8221;6336&#8243; img_size=&#8221;full&#8221; alignment=&#8221;center&#8221; css=&#8221;.vc_custom_1646395731277{padding-right: 50px !important;padding-left: 50px !important;}&#8221;]<style type=\"text\/css\" data-type=\"the7_shortcodes-inline-css\">.dt-shortcode-icon.icon-05b6ba2aabc4286f49c03ba647baa868 a {\n  margin-right: ;\n}\n.dt-shortcode-icon.icon-05b6ba2aabc4286f49c03ba647baa868 {\n  min-width: 150px;\n  min-height: 150px;\n  font-size: 22px;\n  border-radius: 100px;\n}\n.dt-shortcode-icon.icon-05b6ba2aabc4286f49c03ba647baa868:last-child {\n  margin-right: 0;\n}\n.dt-shortcode-icon.icon-05b6ba2aabc4286f49c03ba647baa868 .icon-inner {\n  margin: 0px;\n  min-width: 150px;\n  min-height: 150px;\n  border-radius: 100px;\n}\n.dt-shortcode-icon.icon-05b6ba2aabc4286f49c03ba647baa868 .dt-hover-icon {\n  line-height: 150px;\n}\n.dt-shortcode-icon.icon-05b6ba2aabc4286f49c03ba647baa868:before,\n.dt-shortcode-icon.icon-05b6ba2aabc4286f49c03ba647baa868:after,\n.dt-shortcode-icon.icon-05b6ba2aabc4286f49c03ba647baa868 .icon-inner:before,\n.dt-shortcode-icon.icon-05b6ba2aabc4286f49c03ba647baa868 .icon-inner:after {\n  min-width: 100%;\n  min-height: 100%;\n  padding: inherit;\n  border-radius: inherit;\n}\n#page .dt-shortcode-icon.icon-05b6ba2aabc4286f49c03ba647baa868.dt-icon-bg-on .icon-inner:before,\n#phantom .dt-shortcode-icon.icon-05b6ba2aabc4286f49c03ba647baa868.dt-icon-bg-on .icon-inner:before {\n  background: #1b1b1b;\n}\n.dt-shortcode-icon.icon-05b6ba2aabc4286f49c03ba647baa868.dt-icon-border-on:before {\n  border-width: 0px;\n  border-style: solid;\n  border-color: ;\n}\n.dt-icon-border-dashed.dt-shortcode-icon.icon-05b6ba2aabc4286f49c03ba647baa868.dt-icon-border-on:before {\n  border-style: dashed;\n}\n.dt-icon-border-dotted.dt-shortcode-icon.icon-05b6ba2aabc4286f49c03ba647baa868.dt-icon-border-on:before {\n  border-style: dotted;\n}\n.dt-icon-border-double.dt-shortcode-icon.icon-05b6ba2aabc4286f49c03ba647baa868.dt-icon-border-on:before {\n  border-style: double;\n}\n.dt-shortcode-icon.icon-05b6ba2aabc4286f49c03ba647baa868.dt-icon-hover-border-on:after {\n  border-width: 0px;\n  border-style: solid;\n  border-color: ;\n}\n.dt-icon-border-dashed.dt-shortcode-icon.icon-05b6ba2aabc4286f49c03ba647baa868.dt-icon-hover-border-on:after {\n  border-style: dashed;\n}\n.dt-icon-border-dotted.dt-shortcode-icon.icon-05b6ba2aabc4286f49c03ba647baa868.dt-icon-hover-border-on:after {\n  border-style: dotted;\n}\n.dt-icon-border-double.dt-shortcode-icon.icon-05b6ba2aabc4286f49c03ba647baa868.dt-icon-hover-border-on:after {\n  border-style: double;\n}\n.dt-shortcode-icon.icon-05b6ba2aabc4286f49c03ba647baa868.dt-icon-hover-on:hover {\n  font-size: 22px;\n}\n#page .dt-shortcode-icon.icon-05b6ba2aabc4286f49c03ba647baa868.dt-icon-hover-on:hover .soc-font-icon,\n#phantom .dt-shortcode-icon.icon-05b6ba2aabc4286f49c03ba647baa868.dt-icon-hover-on:hover .soc-font-icon,\n#page .dt-shortcode-icon.icon-05b6ba2aabc4286f49c03ba647baa868.dt-icon-hover-on:hover .soc-icon,\n#phantom .dt-shortcode-icon.icon-05b6ba2aabc4286f49c03ba647baa868.dt-icon-hover-on:hover .soc-icon {\n  color: rgba(255,255,255,0.75);\n  background: none;\n}\n#page .dt-shortcode-icon.icon-05b6ba2aabc4286f49c03ba647baa868.dt-icon-hover-on:not(:hover) .soc-font-icon,\n#phantom .dt-shortcode-icon.icon-05b6ba2aabc4286f49c03ba647baa868.dt-icon-hover-on:not(:hover) .soc-font-icon,\n#page .dt-shortcode-icon.icon-05b6ba2aabc4286f49c03ba647baa868.dt-icon-hover-on:not(:hover) .soc-icon,\n#phantom .dt-shortcode-icon.icon-05b6ba2aabc4286f49c03ba647baa868.dt-icon-hover-on:not(:hover) .soc-icon,\n#page .dt-shortcode-icon.icon-05b6ba2aabc4286f49c03ba647baa868.dt-icon-hover-off .soc-font-icon,\n#phantom .dt-shortcode-icon.icon-05b6ba2aabc4286f49c03ba647baa868.dt-icon-hover-off .soc-font-icon,\n#page .dt-shortcode-icon.icon-05b6ba2aabc4286f49c03ba647baa868.dt-icon-hover-off .soc-icon,\n#phantom .dt-shortcode-icon.icon-05b6ba2aabc4286f49c03ba647baa868.dt-icon-hover-off .soc-icon {\n  color: #ffffff;\n  background: none;\n}\n.dt-shortcode-icon.icon-05b6ba2aabc4286f49c03ba647baa868 .soc-font-icon,\n.dt-shortcode-icon.icon-05b6ba2aabc4286f49c03ba647baa868 .soc-icon {\n  font-size: 22px;\n}\n<\/style><div class=\"dt-shortcode-icon-wrap  \"><span  class=\"anchor-link the7-play-large icon-05b6ba2aabc4286f49c03ba647baa868 dt-shortcode-icon dt-icon-bg-on dt-icon-hover-border-on dt-icon-hover-off dt-icon-hover-bg-on  \" ><span class=\"icon-inner\"><i class=\"dt-regular-icon soc-icon dt-icon-the7-play-large\"><\/i><i class=\"dt-hover-icon soc-icon dt-icon-the7-play-large\"><\/i><span class=\"screen-reader-text\"><\/span><\/span><\/span><\/div>[\/vc_column][\/vc_row]<\/p>\n<\/section>","protected":false},"excerpt":{"rendered":"<p>[vc_row full_width=&#8221;stretch_row_content_no_spaces&#8221; full_height=&#8221;yes&#8221; el_class=&#8221;about-header&#8221; css=&#8221;.vc_custom_1666097632655{background-image: url(http:\/\/uniglass.eu\/wp-content\/uploads\/2022\/10\/services.jpg?id=6511) !important;}&#8221;][vc_column][vc_column_text] SERVICII noi oferim [\/vc_column_text][vc_column_text el_class=&#8221;scroll-text&#8221;] Mai mult [\/vc_column_text][\/vc_column][\/vc_row][vc_row full_width=&#8221;stretch_row_content_no_spaces&#8221; full_height=&#8221;yes&#8221; content_placement=&#8221;middle&#8221; el_class=&#8221;about-row1&#8243; css=&#8221;.vc_custom_1646906777403{padding-top: 80px !important;padding-bottom: 50px !important;}&#8221;][vc_column width=&#8221;1\/2&#8243;][vc_row_inner css=&#8221;.vc_custom_1646392610779{background-color: #e9e9e9 !important;}&#8221;][vc_column_inner css=&#8221;.vc_custom_1646394165659{margin-left: 30px !important;padding-top: 100px !important;padding-right: 100px !important;padding-bottom: 100px !important;padding-left: 70px !important;background-color: #e9e9e9 !important;}&#8221;][vc_column_text] SERIGRAFIE [\/vc_column_text][vc_empty_space height=&#8221;50px&#8221;][vc_column_text]Este cea mai cunoscut\u0103 tehnic\u0103 de decorare \u0219i este folosit\u0103 \u00een principal&hellip;<\/p>\n","protected":false},"author":4,"featured_media":0,"parent":0,"menu_order":0,"comment_status":"closed","ping_status":"closed","template":"","meta":[],"acf":[],"yoast_head":"<!-- This site is optimized with the Yoast SEO plugin v16.1.1 - https:\/\/yoast.com\/wordpress\/plugins\/seo\/ -->\n<title>Serviciile noastre - Uniglass<\/title>\n<link rel=\"canonical\" href=\"https:\/\/uniglass.eu\/ro\/services-we-provide\/\" \/>\n<meta property=\"og:locale\" content=\"ro_RO\" \/>\n<meta property=\"og:type\" content=\"article\" \/>\n<meta property=\"og:title\" content=\"Serviciile noastre - Uniglass\" \/>\n<meta property=\"og:description\" content=\"[vc_row full_width=&#8221;stretch_row_content_no_spaces&#8221; full_height=&#8221;yes&#8221; el_class=&#8221;about-header&#8221; css=&#8221;.vc_custom_1666097632655{background-image: url(http:\/\/uniglass.eu\/wp-content\/uploads\/2022\/10\/services.jpg?id=6511) !important;}&#8221;][vc_column][vc_column_text] SERVICII noi oferim [\/vc_column_text][vc_column_text el_class=&#8221;scroll-text&#8221;] Mai mult [\/vc_column_text][\/vc_column][\/vc_row][vc_row full_width=&#8221;stretch_row_content_no_spaces&#8221; full_height=&#8221;yes&#8221; content_placement=&#8221;middle&#8221; el_class=&#8221;about-row1&#8243; css=&#8221;.vc_custom_1646906777403{padding-top: 80px !important;padding-bottom: 50px !important;}&#8221;][vc_column width=&#8221;1\/2&#8243;][vc_row_inner css=&#8221;.vc_custom_1646392610779{background-color: #e9e9e9 !important;}&#8221;][vc_column_inner css=&#8221;.vc_custom_1646394165659{margin-left: 30px !important;padding-top: 100px !important;padding-right: 100px !important;padding-bottom: 100px !important;padding-left: 70px !important;background-color: #e9e9e9 !important;}&#8221;][vc_column_text] SERIGRAFIE [\/vc_column_text][vc_empty_space height=&#8221;50px&#8221;][vc_column_text]Este cea mai cunoscut\u0103 tehnic\u0103 de decorare \u0219i este folosit\u0103 \u00een principal&hellip;\" \/>\n<meta property=\"og:url\" content=\"https:\/\/uniglass.eu\/ro\/services-we-provide\/\" \/>\n<meta property=\"og:site_name\" content=\"Uniglass\" \/>\n<meta property=\"article:modified_time\" content=\"2023-01-05T13:59:39+00:00\" \/>\n<meta name=\"twitter:card\" content=\"summary_large_image\" \/>\n<meta name=\"twitter:label1\" content=\"Timp estimat pentru citire\">\n\t<meta name=\"twitter:data1\" content=\"2 minute\">\n<script type=\"application\/ld+json\" class=\"yoast-schema-graph\">{\"@context\":\"https:\/\/schema.org\",\"@graph\":[{\"@type\":\"WebSite\",\"@id\":\"https:\/\/uniglass.eu\/ro\/#website\",\"url\":\"https:\/\/uniglass.eu\/ro\/\",\"name\":\"Uniglass\",\"description\":\"\",\"potentialAction\":[{\"@type\":\"SearchAction\",\"target\":\"https:\/\/uniglass.eu\/ro\/?s={search_term_string}\",\"query-input\":\"required name=search_term_string\"}],\"inLanguage\":\"ro-RO\"},{\"@type\":\"WebPage\",\"@id\":\"https:\/\/uniglass.eu\/ro\/services-we-provide\/#webpage\",\"url\":\"https:\/\/uniglass.eu\/ro\/services-we-provide\/\",\"name\":\"Serviciile noastre - Uniglass\",\"isPartOf\":{\"@id\":\"https:\/\/uniglass.eu\/ro\/#website\"},\"datePublished\":\"2022-11-01T08:19:47+00:00\",\"dateModified\":\"2023-01-05T13:59:39+00:00\",\"breadcrumb\":{\"@id\":\"https:\/\/uniglass.eu\/ro\/services-we-provide\/#breadcrumb\"},\"inLanguage\":\"ro-RO\",\"potentialAction\":[{\"@type\":\"ReadAction\",\"target\":[\"https:\/\/uniglass.eu\/ro\/services-we-provide\/\"]}]},{\"@type\":\"BreadcrumbList\",\"@id\":\"https:\/\/uniglass.eu\/ro\/services-we-provide\/#breadcrumb\",\"itemListElement\":[{\"@type\":\"ListItem\",\"position\":1,\"item\":{\"@type\":\"WebPage\",\"@id\":\"https:\/\/uniglass.eu\/ro\/\",\"url\":\"https:\/\/uniglass.eu\/ro\/\",\"name\":\"Home\"}},{\"@type\":\"ListItem\",\"position\":2,\"item\":{\"@type\":\"WebPage\",\"@id\":\"https:\/\/uniglass.eu\/ro\/services-we-provide\/\",\"url\":\"https:\/\/uniglass.eu\/ro\/services-we-provide\/\",\"name\":\"Serviciile noastre\"}}]}]}<\/script>\n<!-- \/ Yoast SEO plugin. -->","_links":{"self":[{"href":"https:\/\/uniglass.eu\/ro\/wp-json\/wp\/v2\/pages\/6648"}],"collection":[{"href":"https:\/\/uniglass.eu\/ro\/wp-json\/wp\/v2\/pages"}],"about":[{"href":"https:\/\/uniglass.eu\/ro\/wp-json\/wp\/v2\/types\/page"}],"author":[{"embeddable":true,"href":"https:\/\/uniglass.eu\/ro\/wp-json\/wp\/v2\/users\/4"}],"replies":[{"embeddable":true,"href":"https:\/\/uniglass.eu\/ro\/wp-json\/wp\/v2\/comments?post=6648"}],"version-history":[{"count":4,"href":"https:\/\/uniglass.eu\/ro\/wp-json\/wp\/v2\/pages\/6648\/revisions"}],"predecessor-version":[{"id":6925,"href":"https:\/\/uniglass.eu\/ro\/wp-json\/wp\/v2\/pages\/6648\/revisions\/6925"}],"wp:attachment":[{"href":"https:\/\/uniglass.eu\/ro\/wp-json\/wp\/v2\/media?parent=6648"}],"curies":[{"name":"wp","href":"https:\/\/api.w.org\/{rel}","templated":true}]}}