{"id":6652,"date":"2022-11-01T10:31:53","date_gmt":"2022-11-01T08:31:53","guid":{"rendered":"http:\/\/uniglass.eu\/profile\/"},"modified":"2023-01-05T15:56:00","modified_gmt":"2023-01-05T13:56:00","slug":"profile","status":"publish","type":"page","link":"https:\/\/uniglass.eu\/ro\/profile\/","title":{"rendered":"Profil &#038; Viziune"},"content":{"rendered":"<section class=\"wpb-content-wrapper\"><p>[vc_row full_width=&#8221;stretch_row_content_no_spaces&#8221; full_height=&#8221;yes&#8221; el_class=&#8221;about-header&#8221; css=&#8221;.vc_custom_1646397376547{background-image: url(http:\/\/uniglass.eu\/wp-content\/uploads\/2022\/03\/profile_head.jpg?id=6345) !important;}&#8221;][vc_column][vc_column_text]<\/p>\n<h1 style=\"text-align: center;\">DESPRE NOI<\/h1>\n<h4 style=\"text-align: center;\">Iat\u0103 cine suntem<\/h4>\n<p>[\/vc_column_text][vc_column_text el_class=&#8221;scroll-text&#8221;]<\/p>\n<p style=\"text-align: center;\">Mai mult<\/p>\n<p>[\/vc_column_text][\/vc_column][\/vc_row][vc_row full_width=&#8221;stretch_row_content_no_spaces&#8221; full_height=&#8221;yes&#8221; content_placement=&#8221;middle&#8221; el_class=&#8221;about-row1&#8243; css=&#8221;.vc_custom_1646906777403{padding-top: 80px !important;padding-bottom: 50px !important;}&#8221;][vc_column width=&#8221;1\/2&#8243;][vc_row_inner css=&#8221;.vc_custom_1672926586078{background-color: #e9e9e9 !important;}&#8221; el_class=&#8221;pv_beginning&#8221;][vc_column_inner css=&#8221;.vc_custom_1646394165659{margin-left: 30px !important;padding-top: 100px !important;padding-right: 100px !important;padding-bottom: 100px !important;padding-left: 70px !important;background-color: #e9e9e9 !important;}&#8221;][vc_column_text]<\/p>\n<h1>\u00ceNCEPUTUL<\/h1>\n<p>[\/vc_column_text][vc_column_text]<\/p>\n<h4>Cum a \u00eenceput totul\u2026<\/h4>\n<p>[\/vc_column_text][vc_empty_space height=&#8221;50px&#8221;][vc_column_text]\u00cenfiin\u021bat\u0103 \u00een urm\u0103 cu mai bine de 70 de ani ca o mic\u0103 afacere de familie care producea articole din sticl\u0103, a evoluat \u00eentr-un grup multina\u021bional de companii care are unit\u0103\u021bi de produc\u021bie \u00een dou\u0103 \u021b\u0103ri din Europa de Sud-Est \u0219i \u00ee\u0219i export\u0103 m\u0103rfurile \u00een peste optzeci de \u021b\u0103ri din \u00eentreaga lume.<\/p>\n<p>\u00cenfiin\u021bat\u0103 \u00een urm\u0103 cu mai bine de 70 de ani ca o mic\u0103 afacere de familie care producea articole din sticl\u0103, a evoluat \u00eentr-un grup multina\u021bional de companii care are unit\u0103\u021bi de produc\u021bie \u00een dou\u0103 \u021b\u0103ri din Europa de Sud-Est \u0219i \u00ee\u0219i export\u0103 m\u0103rfurile \u00een peste optzeci de \u021b\u0103ri din \u00eentreaga lume.<\/p>\n<p>\u00cenfiin\u021bat\u0103 \u00een urm\u0103 cu mai bine de 70 de ani ca o mic\u0103 afacere de familie care producea articole din sticl\u0103, a evoluat \u00eentr-un grup multina\u021bional de companii care are unit\u0103\u021bi de produc\u021bie \u00een dou\u0103 \u021b\u0103ri din Europa de Sud-Est \u0219i \u00ee\u0219i export\u0103 m\u0103rfurile \u00een peste optzeci de \u021b\u0103ri din \u00eentreaga lume.[\/vc_column_text][\/vc_column_inner][\/vc_row_inner][\/vc_column][vc_column width=&#8221;1\/2&#8243; el_class=&#8221;about-image&#8221;][vc_single_image image=&#8221;6415&#8243; img_size=&#8221;full&#8221; alignment=&#8221;right&#8221; el_class=&#8221;about-image-right&#8221;][\/vc_column][\/vc_row][vc_row full_width=&#8221;stretch_row_content_no_spaces&#8221; full_height=&#8221;yes&#8221; content_placement=&#8221;middle&#8221; el_class=&#8221;about-row1 about_row2&#8243; css=&#8221;.vc_custom_1672926972341{padding-top: 50px !important;padding-bottom: 100px !important;}&#8221;][vc_column width=&#8221;1\/2&#8243; el_class=&#8221;about-image&#8221;][vc_single_image image=&#8221;6421&#8243; img_size=&#8221;full&#8221; el_class=&#8221;about-image-right&#8221;][\/vc_column][vc_column width=&#8221;1\/2&#8243;][vc_row_inner css=&#8221;.vc_custom_1646392610779{background-color: #e9e9e9 !important;}&#8221;][vc_column_inner css=&#8221;.vc_custom_1646395797816{margin-left: -30px !important;padding-top: 100px !important;padding-right: 100px !important;padding-bottom: 100px !important;padding-left: 130px !important;background-color: #e9e9e9 !important;}&#8221;][vc_column_text]<\/p>\n<h1>MERGEM MAI DEPARTE<\/h1>\n<p>[\/vc_column_text][vc_column_text]<\/p>\n<h4>Viitorul este aici.<\/h4>\n<p>[\/vc_column_text][vc_empty_space height=&#8221;50px&#8221;][vc_column_text]Produsele de servirea mesei UNIGLASS sunt fabricate \u00een Bulgaria \u0219i satisfac nevoile casnice, pentru catering \u0219i pentru publicitate.<br \/>\nLogo-ul nostru comunic\u0103 nucleul activit\u0103\u021bilor noastre: forma unui pahar care se formeaz\u0103 dintr-o pic\u0103tur\u0103 de sticl\u0103 topit\u0103.<br \/>\nContinu\u0103m eforturile de a satisface nevoile clien\u021bilor no\u0219tri, oferind calitate, rapiditate \u0219i flexibilitate a livr\u0103rilor, pre\u021buri competitive \u0219i, mai ales, solu\u021bie integral\u0103 la nevoile clien\u021bilor.<\/p>\n<p><strong>Viziune<\/strong><br \/>\nStr\u0103duie\u1e63te-te pentru \u00eembun\u0103t\u0103\u021birea \u00een toate sectoarele, produsele \u0219i procedurile pentru a satisface pe deplin nevoile \u00een continu\u0103 schimbare ale clien\u021bilor.<\/p>\n<p><strong>Misiune<\/strong><br \/>\nFii prezent \u00een momentele vie\u021bii de zi cu zi.<\/p>\n<p>[\/vc_column_text][\/vc_column_inner][\/vc_row_inner][\/vc_column][\/vc_row][vc_row full_width=&#8221;stretch_row_content_no_spaces&#8221; full_height=&#8221;yes&#8221; content_placement=&#8221;middle&#8221; el_class=&#8221;about-row1&#8243; css=&#8221;.vc_custom_1646906777403{padding-top: 80px !important;padding-bottom: 50px !important;}&#8221;][vc_column width=&#8221;1\/2&#8243;][vc_row_inner css=&#8221;.vc_custom_1646392610779{background-color: #e9e9e9 !important;}&#8221;][vc_column_inner css=&#8221;.vc_custom_1646394165659{margin-left: 30px !important;padding-top: 100px !important;padding-right: 100px !important;padding-bottom: 100px !important;padding-left: 70px !important;background-color: #e9e9e9 !important;}&#8221;][vc_column_text]<\/p>\n<h1>ACTIVITATE<\/h1>\n<p>[\/vc_column_text][vc_empty_space height=&#8221;50px&#8221;][vc_column_text]Toate facilit\u0103\u021bile Uniglass au beneficiat de investi\u021bii ample de modernizare, viz\u00e2nd un flux de lucru logistic eficient \u0219i modern. Capacitatea depozitelor este \u00eentre\u021binut\u0103 \u0219i monitorizat\u0103 pentru a asigura un proces eficient de \u00eenc\u0103rcare \u0219i de onorare a comenzilor.<\/p>\n<p>Unit\u0103\u021bile pot furniza produsele \u00een diverse variante de ambalare, cum ar fi: cutii colectoare, t\u0103vi\u0163e de carton \u00eenfoliate, cutii cu fereastr\u0103, cutii de carton, cutii cadou \u0219i altele.<\/p>\n<p>Pe l\u00e2ng\u0103 ambalajul flexibil, Uniglass poate decora produsele la cererea clientului, cu orice design personalizat.[\/vc_column_text][\/vc_column_inner][\/vc_row_inner][\/vc_column][vc_column width=&#8221;1\/2&#8243; el_class=&#8221;about-image&#8221;][vc_single_image image=&#8221;6476&#8243; img_size=&#8221;full&#8221; alignment=&#8221;right&#8221; el_class=&#8221;about-image-right&#8221;][\/vc_column][\/vc_row][vc_row full_width=&#8221;stretch_row_content_no_spaces&#8221; disable_element=&#8221;yes&#8221; el_class=&#8221;about-video-row&#8221; css=&#8221;.vc_custom_1665751332064{margin-bottom: 50px !important;}&#8221;][vc_column][vc_single_image image=&#8221;6336&#8243; img_size=&#8221;full&#8221; alignment=&#8221;center&#8221; css=&#8221;.vc_custom_1646395731277{padding-right: 50px !important;padding-left: 50px !important;}&#8221;]<style type=\"text\/css\" data-type=\"the7_shortcodes-inline-css\">.dt-shortcode-icon.icon-05b6ba2aabc4286f49c03ba647baa868 a {\n  margin-right: ;\n}\n.dt-shortcode-icon.icon-05b6ba2aabc4286f49c03ba647baa868 {\n  min-width: 150px;\n  min-height: 150px;\n  font-size: 22px;\n  border-radius: 100px;\n}\n.dt-shortcode-icon.icon-05b6ba2aabc4286f49c03ba647baa868:last-child {\n  margin-right: 0;\n}\n.dt-shortcode-icon.icon-05b6ba2aabc4286f49c03ba647baa868 .icon-inner {\n  margin: 0px;\n  min-width: 150px;\n  min-height: 150px;\n  border-radius: 100px;\n}\n.dt-shortcode-icon.icon-05b6ba2aabc4286f49c03ba647baa868 .dt-hover-icon {\n  line-height: 150px;\n}\n.dt-shortcode-icon.icon-05b6ba2aabc4286f49c03ba647baa868:before,\n.dt-shortcode-icon.icon-05b6ba2aabc4286f49c03ba647baa868:after,\n.dt-shortcode-icon.icon-05b6ba2aabc4286f49c03ba647baa868 .icon-inner:before,\n.dt-shortcode-icon.icon-05b6ba2aabc4286f49c03ba647baa868 .icon-inner:after {\n  min-width: 100%;\n  min-height: 100%;\n  padding: inherit;\n  border-radius: inherit;\n}\n#page .dt-shortcode-icon.icon-05b6ba2aabc4286f49c03ba647baa868.dt-icon-bg-on .icon-inner:before,\n#phantom .dt-shortcode-icon.icon-05b6ba2aabc4286f49c03ba647baa868.dt-icon-bg-on .icon-inner:before {\n  background: #1b1b1b;\n}\n.dt-shortcode-icon.icon-05b6ba2aabc4286f49c03ba647baa868.dt-icon-border-on:before {\n  border-width: 0px;\n  border-style: solid;\n  border-color: ;\n}\n.dt-icon-border-dashed.dt-shortcode-icon.icon-05b6ba2aabc4286f49c03ba647baa868.dt-icon-border-on:before {\n  border-style: dashed;\n}\n.dt-icon-border-dotted.dt-shortcode-icon.icon-05b6ba2aabc4286f49c03ba647baa868.dt-icon-border-on:before {\n  border-style: dotted;\n}\n.dt-icon-border-double.dt-shortcode-icon.icon-05b6ba2aabc4286f49c03ba647baa868.dt-icon-border-on:before {\n  border-style: double;\n}\n.dt-shortcode-icon.icon-05b6ba2aabc4286f49c03ba647baa868.dt-icon-hover-border-on:after {\n  border-width: 0px;\n  border-style: solid;\n  border-color: ;\n}\n.dt-icon-border-dashed.dt-shortcode-icon.icon-05b6ba2aabc4286f49c03ba647baa868.dt-icon-hover-border-on:after {\n  border-style: dashed;\n}\n.dt-icon-border-dotted.dt-shortcode-icon.icon-05b6ba2aabc4286f49c03ba647baa868.dt-icon-hover-border-on:after {\n  border-style: dotted;\n}\n.dt-icon-border-double.dt-shortcode-icon.icon-05b6ba2aabc4286f49c03ba647baa868.dt-icon-hover-border-on:after {\n  border-style: double;\n}\n.dt-shortcode-icon.icon-05b6ba2aabc4286f49c03ba647baa868.dt-icon-hover-on:hover {\n  font-size: 22px;\n}\n#page .dt-shortcode-icon.icon-05b6ba2aabc4286f49c03ba647baa868.dt-icon-hover-on:hover .soc-font-icon,\n#phantom .dt-shortcode-icon.icon-05b6ba2aabc4286f49c03ba647baa868.dt-icon-hover-on:hover .soc-font-icon,\n#page .dt-shortcode-icon.icon-05b6ba2aabc4286f49c03ba647baa868.dt-icon-hover-on:hover .soc-icon,\n#phantom .dt-shortcode-icon.icon-05b6ba2aabc4286f49c03ba647baa868.dt-icon-hover-on:hover .soc-icon {\n  color: rgba(255,255,255,0.75);\n  background: none;\n}\n#page .dt-shortcode-icon.icon-05b6ba2aabc4286f49c03ba647baa868.dt-icon-hover-on:not(:hover) .soc-font-icon,\n#phantom .dt-shortcode-icon.icon-05b6ba2aabc4286f49c03ba647baa868.dt-icon-hover-on:not(:hover) .soc-font-icon,\n#page .dt-shortcode-icon.icon-05b6ba2aabc4286f49c03ba647baa868.dt-icon-hover-on:not(:hover) .soc-icon,\n#phantom .dt-shortcode-icon.icon-05b6ba2aabc4286f49c03ba647baa868.dt-icon-hover-on:not(:hover) .soc-icon,\n#page .dt-shortcode-icon.icon-05b6ba2aabc4286f49c03ba647baa868.dt-icon-hover-off .soc-font-icon,\n#phantom .dt-shortcode-icon.icon-05b6ba2aabc4286f49c03ba647baa868.dt-icon-hover-off .soc-font-icon,\n#page .dt-shortcode-icon.icon-05b6ba2aabc4286f49c03ba647baa868.dt-icon-hover-off .soc-icon,\n#phantom .dt-shortcode-icon.icon-05b6ba2aabc4286f49c03ba647baa868.dt-icon-hover-off .soc-icon {\n  color: #ffffff;\n  background: none;\n}\n.dt-shortcode-icon.icon-05b6ba2aabc4286f49c03ba647baa868 .soc-font-icon,\n.dt-shortcode-icon.icon-05b6ba2aabc4286f49c03ba647baa868 .soc-icon {\n  font-size: 22px;\n}\n<\/style><div class=\"dt-shortcode-icon-wrap  \"><span  class=\"anchor-link the7-play-large icon-05b6ba2aabc4286f49c03ba647baa868 dt-shortcode-icon dt-icon-bg-on dt-icon-hover-border-on dt-icon-hover-off dt-icon-hover-bg-on  \" ><span class=\"icon-inner\"><i class=\"dt-regular-icon soc-icon dt-icon-the7-play-large\"><\/i><i class=\"dt-hover-icon soc-icon dt-icon-the7-play-large\"><\/i><span class=\"screen-reader-text\"><\/span><\/span><\/span><\/div>[\/vc_column][\/vc_row]<\/p>\n<\/section>","protected":false},"excerpt":{"rendered":"<p>[vc_row full_width=&#8221;stretch_row_content_no_spaces&#8221; full_height=&#8221;yes&#8221; el_class=&#8221;about-header&#8221; css=&#8221;.vc_custom_1646397376547{background-image: url(http:\/\/uniglass.eu\/wp-content\/uploads\/2022\/03\/profile_head.jpg?id=6345) !important;}&#8221;][vc_column][vc_column_text] DESPRE NOI Iat\u0103 cine suntem [\/vc_column_text][vc_column_text el_class=&#8221;scroll-text&#8221;] Mai mult [\/vc_column_text][\/vc_column][\/vc_row][vc_row full_width=&#8221;stretch_row_content_no_spaces&#8221; full_height=&#8221;yes&#8221; content_placement=&#8221;middle&#8221; el_class=&#8221;about-row1&#8243; css=&#8221;.vc_custom_1646906777403{padding-top: 80px !important;padding-bottom: 50px !important;}&#8221;][vc_column width=&#8221;1\/2&#8243;][vc_row_inner css=&#8221;.vc_custom_1672926586078{background-color: #e9e9e9 !important;}&#8221; el_class=&#8221;pv_beginning&#8221;][vc_column_inner css=&#8221;.vc_custom_1646394165659{margin-left: 30px !important;padding-top: 100px !important;padding-right: 100px !important;padding-bottom: 100px !important;padding-left: 70px !important;background-color: #e9e9e9 !important;}&#8221;][vc_column_text] \u00ceNCEPUTUL [\/vc_column_text][vc_column_text] Cum a \u00eenceput totul\u2026 [\/vc_column_text][vc_empty_space height=&#8221;50px&#8221;][vc_column_text]\u00cenfiin\u021bat\u0103 \u00een urm\u0103 cu&hellip;<\/p>\n","protected":false},"author":4,"featured_media":0,"parent":0,"menu_order":0,"comment_status":"closed","ping_status":"closed","template":"","meta":[],"acf":[],"yoast_head":"<!-- This site is optimized with the Yoast SEO plugin v16.1.1 - https:\/\/yoast.com\/wordpress\/plugins\/seo\/ -->\n<title>Profil &amp; Viziune - Uniglass<\/title>\n<link rel=\"canonical\" href=\"https:\/\/uniglass.eu\/ro\/profile\/\" \/>\n<meta property=\"og:locale\" content=\"ro_RO\" \/>\n<meta property=\"og:type\" content=\"article\" \/>\n<meta property=\"og:title\" content=\"Profil &amp; Viziune - Uniglass\" \/>\n<meta property=\"og:description\" content=\"[vc_row full_width=&#8221;stretch_row_content_no_spaces&#8221; full_height=&#8221;yes&#8221; el_class=&#8221;about-header&#8221; css=&#8221;.vc_custom_1646397376547{background-image: url(http:\/\/uniglass.eu\/wp-content\/uploads\/2022\/03\/profile_head.jpg?id=6345) !important;}&#8221;][vc_column][vc_column_text] DESPRE NOI Iat\u0103 cine suntem [\/vc_column_text][vc_column_text el_class=&#8221;scroll-text&#8221;] Mai mult [\/vc_column_text][\/vc_column][\/vc_row][vc_row full_width=&#8221;stretch_row_content_no_spaces&#8221; full_height=&#8221;yes&#8221; content_placement=&#8221;middle&#8221; el_class=&#8221;about-row1&#8243; css=&#8221;.vc_custom_1646906777403{padding-top: 80px !important;padding-bottom: 50px !important;}&#8221;][vc_column width=&#8221;1\/2&#8243;][vc_row_inner css=&#8221;.vc_custom_1672926586078{background-color: #e9e9e9 !important;}&#8221; el_class=&#8221;pv_beginning&#8221;][vc_column_inner css=&#8221;.vc_custom_1646394165659{margin-left: 30px !important;padding-top: 100px !important;padding-right: 100px !important;padding-bottom: 100px !important;padding-left: 70px !important;background-color: #e9e9e9 !important;}&#8221;][vc_column_text] \u00ceNCEPUTUL [\/vc_column_text][vc_column_text] Cum a \u00eenceput totul\u2026 [\/vc_column_text][vc_empty_space height=&#8221;50px&#8221;][vc_column_text]\u00cenfiin\u021bat\u0103 \u00een urm\u0103 cu&hellip;\" \/>\n<meta property=\"og:url\" content=\"https:\/\/uniglass.eu\/ro\/profile\/\" \/>\n<meta property=\"og:site_name\" content=\"Uniglass\" \/>\n<meta property=\"article:modified_time\" content=\"2023-01-05T13:56:00+00:00\" \/>\n<meta name=\"twitter:card\" content=\"summary_large_image\" \/>\n<meta name=\"twitter:label1\" content=\"Timp estimat pentru citire\">\n\t<meta name=\"twitter:data1\" content=\"3 minute\">\n<script type=\"application\/ld+json\" class=\"yoast-schema-graph\">{\"@context\":\"https:\/\/schema.org\",\"@graph\":[{\"@type\":\"WebSite\",\"@id\":\"https:\/\/uniglass.eu\/ro\/#website\",\"url\":\"https:\/\/uniglass.eu\/ro\/\",\"name\":\"Uniglass\",\"description\":\"\",\"potentialAction\":[{\"@type\":\"SearchAction\",\"target\":\"https:\/\/uniglass.eu\/ro\/?s={search_term_string}\",\"query-input\":\"required name=search_term_string\"}],\"inLanguage\":\"ro-RO\"},{\"@type\":\"WebPage\",\"@id\":\"https:\/\/uniglass.eu\/ro\/profile\/#webpage\",\"url\":\"https:\/\/uniglass.eu\/ro\/profile\/\",\"name\":\"Profil & Viziune - Uniglass\",\"isPartOf\":{\"@id\":\"https:\/\/uniglass.eu\/ro\/#website\"},\"datePublished\":\"2022-11-01T08:31:53+00:00\",\"dateModified\":\"2023-01-05T13:56:00+00:00\",\"breadcrumb\":{\"@id\":\"https:\/\/uniglass.eu\/ro\/profile\/#breadcrumb\"},\"inLanguage\":\"ro-RO\",\"potentialAction\":[{\"@type\":\"ReadAction\",\"target\":[\"https:\/\/uniglass.eu\/ro\/profile\/\"]}]},{\"@type\":\"BreadcrumbList\",\"@id\":\"https:\/\/uniglass.eu\/ro\/profile\/#breadcrumb\",\"itemListElement\":[{\"@type\":\"ListItem\",\"position\":1,\"item\":{\"@type\":\"WebPage\",\"@id\":\"https:\/\/uniglass.eu\/ro\/\",\"url\":\"https:\/\/uniglass.eu\/ro\/\",\"name\":\"Home\"}},{\"@type\":\"ListItem\",\"position\":2,\"item\":{\"@type\":\"WebPage\",\"@id\":\"https:\/\/uniglass.eu\/ro\/profile\/\",\"url\":\"https:\/\/uniglass.eu\/ro\/profile\/\",\"name\":\"Profil &#038; Viziune\"}}]}]}<\/script>\n<!-- \/ Yoast SEO plugin. -->","_links":{"self":[{"href":"https:\/\/uniglass.eu\/ro\/wp-json\/wp\/v2\/pages\/6652"}],"collection":[{"href":"https:\/\/uniglass.eu\/ro\/wp-json\/wp\/v2\/pages"}],"about":[{"href":"https:\/\/uniglass.eu\/ro\/wp-json\/wp\/v2\/types\/page"}],"author":[{"embeddable":true,"href":"https:\/\/uniglass.eu\/ro\/wp-json\/wp\/v2\/users\/4"}],"replies":[{"embeddable":true,"href":"https:\/\/uniglass.eu\/ro\/wp-json\/wp\/v2\/comments?post=6652"}],"version-history":[{"count":4,"href":"https:\/\/uniglass.eu\/ro\/wp-json\/wp\/v2\/pages\/6652\/revisions"}],"predecessor-version":[{"id":6922,"href":"https:\/\/uniglass.eu\/ro\/wp-json\/wp\/v2\/pages\/6652\/revisions\/6922"}],"wp:attachment":[{"href":"https:\/\/uniglass.eu\/ro\/wp-json\/wp\/v2\/media?parent=6652"}],"curies":[{"name":"wp","href":"https:\/\/api.w.org\/{rel}","templated":true}]}}